{"id":972,"date":"2025-02-28T12:53:09","date_gmt":"2025-02-28T12:53:09","guid":{"rendered":"https:\/\/culmia.dev.emood.es\/?page_id=972"},"modified":"2025-11-07T14:23:53","modified_gmt":"2025-11-07T13:23:53","slug":"politica-de-cookie","status":"publish","type":"page","link":"https:\/\/www.culmia.com\/es\/politica-de-cookie\/","title":{"rendered":"Pol\u00edtica de Cookies"},"content":{"rendered":"<div class=\"fusion-fullwidth fullwidth-box fusion-builder-row-1 fusion-flex-container has-pattern-background has-mask-background nonhundred-percent-fullwidth non-hundred-percent-height-scrolling\" style=\"--awb-border-radius-top-left:0px;--awb-border-radius-top-right:0px;--awb-border-radius-bottom-right:0px;--awb-border-radius-bottom-left:0px;--awb-flex-wrap:wrap;\" ><div class=\"fusion-builder-row fusion-row fusion-flex-align-items-flex-start fusion-flex-content-wrap\" style=\"max-width:1726.4px;margin-left: calc(-4% \/ 2 );margin-right: calc(-4% \/ 2 );\"><div class=\"fusion-layout-column fusion_builder_column fusion-builder-column-0 fusion_builder_column_1_1 1_1 fusion-flex-column\" style=\"--awb-bg-size:cover;--awb-width-large:100%;--awb-margin-top-large:0px;--awb-spacing-right-large:1.92%;--awb-margin-bottom-large:20px;--awb-spacing-left-large:1.92%;--awb-width-medium:100%;--awb-order-medium:0;--awb-spacing-right-medium:1.92%;--awb-spacing-left-medium:1.92%;--awb-width-small:100%;--awb-order-small:0;--awb-spacing-right-small:1.92%;--awb-spacing-left-small:1.92%;\"><div class=\"fusion-column-wrapper fusion-column-has-shadow fusion-flex-justify-content-flex-start fusion-content-layout-column\"><div class=\"fusion-text fusion-text-1\"><p><b>Actualizado:<\/b><span style=\"font-weight: 400;\">\u00a0<\/span><span style=\"font-weight: 400;\">01\/11\/2025 13:00<\/span><\/p> <h3><b>\u00bfQu\u00e9 son las cookies?<\/b><\/h3> <p><span style=\"font-weight: 400;\">Las Cookies son\u00a0archivos que contienen peque\u00f1as cantidades de informaci\u00f3n que se descargan en el navegador cuando el usuario visita una p\u00e1gina web. Su finalidad principal es reconocer al usuario cada vez que accede al Sitio Web permitiendo, adem\u00e1s, mejorar la calidad y ofrecer un mejor uso del Sitio Web.<\/span><\/p> <p><span style=\"font-weight: 400;\">Las Cookies son esenciales para el funcionamiento de Internet; no da\u00f1an el equipo\/dispositivo del usuario y, si se encuentran activadas en la configuraci\u00f3n de su navegador, ayudan a identificar y resolver posibles errores de funcionamiento del Sitio Web.<\/span><\/p> <p><span style=\"font-weight: 400;\">Las cookies tambi\u00e9n aseguran que podamos ver c\u00f3mo se utiliza nuestro sitio web y c\u00f3mo podemos mejorarlo. Adem\u00e1s, dependiendo de sus preferencias, las propias cookies pueden ser utilizadas para presentarle anuncios espec\u00edficos que coincidan con sus intereses personales.<\/span><\/p> <h3><b>\u00bfQu\u00e9 tipo de cookies utilizamos?<\/b><\/h3> <h4><b>Cookies necesarias<\/b><\/h4> <p><span style=\"font-weight: 400;\">Estas cookies son necesarias para que el sitio web funcione correctamente. Algunas de las siguientes acciones se pueden realizar utilizando estas cookies: Guardar sus preferencias de cookies para este sitio web, Guardar preferencias de idioma, Garantizar una navegaci\u00f3n segura\u00a0y\u00a0sin interrupciones\u00a0por el Sitio Web.<\/span><\/p> <h4><b>Cookies de rendimiento<\/b><\/h4> <p><span style=\"font-weight: 400;\">Estas cookies se utilizan para recopilar informaci\u00f3n estad\u00edstica sobre el uso de nuestro sitio web, tambi\u00e9n llamadas cookies anal\u00edticas. Utilizamos estos datos para el rendimiento y la optimizaci\u00f3n del sitio web.<\/span><\/p> <h4><b>Cookies funcionales<\/b><\/h4> <p><span style=\"font-weight: 400;\">Estas cookies permiten una mayor funcionalidad para los visitantes de nuestro sitio web. Estas cookies pueden ser establecidas por nuestros proveedores de servicios externos o por nuestro propio sitio web.\u00a0<\/span><\/p> <h4><b>Publicidad \/ cookies de seguimiento<\/b><\/h4> <p><span style=\"font-weight: 400;\">Estas cookies son establecidas por socios publicitarios externos y se utilizan para crear perfiles y realizar un seguimiento de los datos en varios sitios web. Si usted acepta estas cookies, podemos mostrar nuestros anuncios en otros sitios web en funci\u00f3n de su perfil de usuario y preferencias. Estas cookies tambi\u00e9n guardan datos sobre cu\u00e1ntos visitantes han visto o hecho clic en nuestros anuncios con el fin de optimizar las campa\u00f1as publicitarias.<\/span><\/p> <h4><b>\u00bfC\u00f3mo puedo desactivar o eliminar las cookies?<\/b><\/h4> <p><span style=\"font-weight: 400;\">Usted puede optar por no utilizar todas las cookies, excepto las necesarias. En la configuraci\u00f3n del navegador, puede cambiar la configuraci\u00f3n para asegurarse de que se bloqueen las cookies. La mayor\u00eda de los navegadores le ofrecen una explicaci\u00f3n sobre c\u00f3mo hacerlo en la llamada &#8216;funci\u00f3n de ayuda'. Sin embargo, si bloquea las cookies, es posible que no pueda disfrutar de todas las caracter\u00edsticas t\u00e9cnicas que nuestro sitio web tiene para ofrecer y puede afectar negativamente a su experiencia de usuario.<\/span><\/p> <h4><b>Plazo de conservaci\u00f3n<\/b><\/h4> <p><span style=\"font-weight: 400;\">Atendiendo a las tipolog\u00edas de Cookies se definen diferentes plazos de conservaci\u00f3n, atendiendo a la vigencia de los consentimientos para su uso o sus funcionalidades en el caso de las necesarias. As\u00ed, las Cookies utilizadas pueden tener la consideraci\u00f3n de persistentes (los datos siguen almacenados pudiendo ser accedidos y tratados durante un periodo definido por el responsable de la Cookie) y de sesi\u00f3n (dise\u00f1adas para recabar y almacenar datos mientras el usuario accede al Sitio Web, por ejemplo, para la prestaci\u00f3n de un servicio concreto).<\/span><\/p> <p><span style=\"font-weight: 400;\">Mediante la presente Pol\u00edtica y el configurador de preferencias habilitado en el Sitio Web, se facilita esta informaci\u00f3n al usuario.<\/span><\/p> <p><span style=\"font-weight: 400;\">Puede informarse de las transferencias a terceros pa\u00edses que, en su caso, realizan los terceros identificados en esta pol\u00edtica de cookies en sus correspondientes pol\u00edticas (ver los enlaces facilitados en el siguiente apartado).<\/span><\/p> <p><span style=\"font-weight: 400;\">Hemos facilitado la gesti\u00f3n de tus consentimientos.<\/span><\/p> <h3><b>Las cookies que utilizamos en nuestro sitio web<\/b><\/h3> <h4><b>Cookies necesarias<\/b><\/h4> <table> <tbody> <tr> <td><b>Cookie\u00a0<\/b><\/td> <td><b>Dominio<\/b><\/td> <td><b>Tipo Cookie<\/b><\/td> <td><b>Validez<\/b><\/td> <td><b>Descripci\u00f3n<\/b><\/td> <\/tr> <tr> <td><span style=\"font-weight: 400;\">AWSALBCORS<\/span><\/td> <td><span style=\"font-weight: 400;\">www.culmia.com<\/span><\/td> <td><span style=\"font-weight: 400;\">Propia<\/span><\/td> <td><span style=\"font-weight: 400;\">1 semana<\/span><\/td> <td><span style=\"font-weight: 400;\">Para un soporte continuo de adherencia con casos de uso de CORS despu\u00e9s de la actualizaci\u00f3n de Chromium, estamos creando cookies de adherencia adicionales para cada una de estas caracter\u00edsticas de adherencia basadas en la duraci\u00f3n llamadas AWSALBCORS (ALB).<\/span><\/td> <\/tr> <tr> <td><span style=\"font-weight: 400;\">AWSALB<\/span><\/td> <td><span style=\"font-weight: 400;\">www.culmia.com<\/span><\/td> <td><span style=\"font-weight: 400;\">Propia<\/span><\/td> <td><span style=\"font-weight: 400;\">1 semana<\/span><\/td> <td><span style=\"font-weight: 400;\">Estas cookies nos permiten asignar el tr\u00e1fico del servidor para que la experiencia del usuario sea lo m\u00e1s fluida posible. Se utiliza un equilibrador de carga para determinar qu\u00e9 servidor tiene actualmente la mejor disponibilidad. La informaci\u00f3n generada no puede identificarlo como individuo.<\/span><\/td> <\/tr> <tr> <td><span style=\"font-weight: 400;\">CookieScriptConsent<\/span><\/td> <td><span style=\"font-weight: 400;\">.culmia.com<\/span><\/td> <td><span style=\"font-weight: 400;\">Propia<\/span><\/td> <td><span style=\"font-weight: 400;\">4 semanas y 2 d\u00edas\u00a0<\/span><\/td> <td><span style=\"font-weight: 400;\">El servicio Cookie-Script.com utiliza esta cookie para recordar las preferencias de consentimiento de cookies de los visitantes. Es necesario que el banner de cookies de Cookie-Script.com funcione correctamente.<\/span><\/td> <\/tr> <\/tbody> <\/table> <h4><b>Cookies de rendimiento<\/b><\/h4> <table> <tbody> <tr> <td><b>Cookie<\/b><\/td> <td><b>Dominio<\/b><\/td> <td><b>Tipo Cookie<\/b><\/td> <td><b>Validez<\/b><\/td> <td><b>Descripci\u00f3n<\/b><\/td> <\/tr> <tr> <td><span style=\"font-weight: 400;\">_gat_UA-****<\/span><\/td> <td><span style=\"font-weight: 400;\">culmia.com<\/span><\/td> <td><span style=\"font-weight: 400;\">Propia<\/span><\/td> <td><span style=\"font-weight: 400;\">1 segundo<\/span><\/td> <td><span style=\"font-weight: 400;\">La cookie _gat_UA es una variaci\u00f3n de la cookie _gat de Google Analytics. Se utiliza para limitar la recopilaci\u00f3n de datos en sitios web de alto tr\u00e1fico. La cookie est\u00e1 configurada por el c\u00f3digo de seguimiento de Google Analytics y contiene la identificaci\u00f3n \u00fanica de la cuenta de seguimiento o el sitio web con el que se relaciona. La cookie _gat_UA generalmente se usa para acelerar la tasa de solicitud, lo que significa que limita la cantidad de datos que Google Analytics puede recopilar del sitio web.<\/span><\/td> <\/tr> <tr> <td><span style=\"font-weight: 400;\">_hjIncludedInPageviewSample<\/span><\/td> <td><span style=\"font-weight: 400;\">culmia.com<\/span><\/td> <td><span style=\"font-weight: 400;\">Propia<\/span><\/td> <td><span style=\"font-weight: 400;\">30 minutos<\/span><\/td> <td><span style=\"font-weight: 400;\">Esta cookie es establecida por Hotjar para generar datos estad\u00edsticos sobre c\u00f3mo el visitante usa el sitio web y para ayudarnos a identificar errores.<\/span><\/td> <\/tr> <tr> <td><span style=\"font-weight: 400;\">_hjRecordingLastActivity<\/span><\/td> <td><span style=\"font-weight: 400;\">culmia.com<\/span><\/td> <td><span style=\"font-weight: 400;\">Propia<\/span><\/td> <td><span style=\"font-weight: 400;\">Sesi\u00f3n<\/span><\/td> <td><span style=\"font-weight: 400;\">Utilizada en relaci\u00f3n con la funci\u00f3n de respuesta del usuario de la web - Determina si se le ha mostrado al usuario el mensaje de respuesta.<\/span><\/td> <\/tr> <tr> <td><span style=\"font-weight: 400;\">_hjSession_******<\/span><\/td> <td><span style=\"font-weight: 400;\">culmia.com<\/span><\/td> <td><span style=\"font-weight: 400;\"> Propia<\/span><\/td> <td><span style=\"font-weight: 400;\">29 minutos<\/span><\/td> <td><span style=\"font-weight: 400;\">Una cookie que contiene los datos de la sesi\u00f3n actual. Esto hace que las solicitudes posteriores dentro de la ventana de la sesi\u00f3n se atribuyan a la misma sesi\u00f3n de Hotjar.<\/span><\/td> <\/tr> <tr> <td><span style=\"font-weight: 400;\">_hjSession_2622061<\/span><\/td> <td><span style=\"font-weight: 400;\">culmia.com<\/span><\/td> <td><span style=\"font-weight: 400;\">Propia<\/span><\/td> <td><span style=\"font-weight: 400;\">23 horas<\/span><\/td> <td><span style=\"font-weight: 400;\">Una cookie que contiene los datos de la sesi\u00f3n actual. Esto hace que las solicitudes posteriores dentro de la ventana de la sesi\u00f3n se atribuyan a la misma sesi\u00f3n de Hotjar.<\/span><\/td> <\/tr> <tr> <td><span style=\"font-weight: 400;\">_hjSessionUser_******<\/span><\/td> <td><span style=\"font-weight: 400;\">culmia.com<\/span><\/td> <td><span style=\"font-weight: 400;\">Propia<\/span><\/td> <td><span style=\"font-weight: 400;\">1 a\u00f1o<\/span><\/td> <td><span style=\"font-weight: 400;\">Cookie Hotjar que se establece cuando un usuario llega por primera vez a una p\u00e1gina con el script Hotjar. Se utiliza para conservar la ID de usuario de Hotjar, \u00fanica para ese sitio en el navegador. Esto asegura que el comportamiento en visitas posteriores al mismo sitio se atribuir\u00e1 al mismo ID de usuario.<\/span><\/td> <\/tr> <tr> <td><span style=\"font-weight: 400;\">_hjSessionUser_2622061<\/span><\/td> <td><span style=\"font-weight: 400;\">culmia.com<\/span><\/td> <td><span style=\"font-weight: 400;\">Propia<\/span><\/td> <td><span style=\"font-weight: 400;\">1 d\u00eda<\/span><\/td> <td><span style=\"font-weight: 400;\">Se establece cuando un usuario llega por primera vez a una p\u00e1gina con el script Hotjar. Se utiliza para conservar la ID de usuario de Hotjar, \u00fanica para ese sitio en el navegador. Esto asegura que el comportamiento en visitas posteriores al mismo sitio se atribuir\u00e1 al mismo ID de usuario.<\/span><\/td> <\/tr> <tr> <td><span style=\"font-weight: 400;\">cusid<\/span><\/td> <td><span style=\"font-weight: 400;\">.www.culmia.com<\/span><\/td> <td><span style=\"font-weight: 400;\">Propia<\/span><\/td> <td><span style=\"font-weight: 400;\">30 minutos<\/span><\/td> <td><span style=\"font-weight: 400;\">Esta cookie se utiliza para establecer y continuar una sesi\u00f3n de usuario con el sitio. Cada vez que un usuario visita una p\u00e1gina diferente en el sitio, la cookie se actualiza para expirar en 30 minutos, continuando as\u00ed una sesi\u00f3n \u00fanica mientras la actividad del usuario contin\u00fae en un intervalo de 30 minutos. Esta cookie expira cuando un usuario pausa en una p\u00e1gina en el sitio durante m\u00e1s de 30 minutos.<\/span><\/td> <\/tr> <\/tbody> <\/table> <h4><b>Cookies de publicidad y seguimiento<\/b><\/h4> <table> <tbody> <tr> <td><b>Cookie<\/b><\/td> <td><b>Dominio<\/b><\/td> <td><b>Tipo Cookie<\/b><\/td> <td><b>Validez<\/b><\/td> <td><b>Descripci\u00f3n<\/b><\/td> <\/tr> <tr> <td><span style=\"font-weight: 400;\">_dc_gtm_UA-195486364-1<\/span><\/td> <td><span style=\"font-weight: 400;\">www.google.com<\/span><\/td> <td><span style=\"font-weight: 400;\">De terceros<\/span><\/td> <td><span style=\"font-weight: 400;\">1 minuto<\/span><\/td> <td><span style=\"font-weight: 400;\">Recopila informaci\u00f3n an\u00f3nima sobre la navegaci\u00f3n de los usuarios por el sitio web con el fin de conocer el origen de las visitas y otros datos estad\u00edsticos similares.<\/span><\/td> <\/tr> <tr> <td><span style=\"font-weight: 400;\">_fbp<\/span><\/td> <td><span style=\"font-weight: 400;\">.culmia.com<\/span><\/td> <td><span style=\"font-weight: 400;\">De terceros<\/span><\/td> <td><span style=\"font-weight: 400;\">3 meses<\/span><\/td> <td><span style=\"font-weight: 400;\">Utilizado por Facebook para ofrecer una serie de productos publicitarios, como ofertas en tiempo real de anunciantes externos.<\/span><\/td> <\/tr> <tr> <td><span style=\"font-weight: 400;\">YSC<\/span><\/td> <td><span style=\"font-weight: 400;\">.youtube.com<\/span><\/td> <td><span style=\"font-weight: 400;\">De terceros<\/span><\/td> <td><span style=\"font-weight: 400;\">Sesi\u00f3n<\/span><\/td> <td><span style=\"font-weight: 400;\">YouTube configura esta cookie para rastrear las vistas de videos incrustados.<\/span><\/td> <\/tr> <tr> <td><span style=\"font-weight: 400;\">VISITOR_INFO1_LIVE<\/span><\/td> <td><span style=\"font-weight: 400;\">.youtube.com<\/span><\/td> <td><span style=\"font-weight: 400;\">De terceros<\/span><\/td> <td><span style=\"font-weight: 400;\">6 meses<\/span><\/td> <td><span style=\"font-weight: 400;\">Youtube establece esta cookie para realizar un seguimiento de las preferencias del usuario para los videos de Youtube incrustados en los sitios; tambi\u00e9n puede determinar si el visitante del sitio web est\u00e1 utilizando la versi\u00f3n nueva o antigua de la interfaz de Youtube.<\/span><\/td> <\/tr> <tr> <td><span style=\"font-weight: 400;\">test_cookie<\/span><\/td> <td><span style=\"font-weight: 400;\">.doubleclick.net<\/span><\/td> <td><span style=\"font-weight: 400;\">De terceros<\/span><\/td> <td><span style=\"font-weight: 400;\">15 minutos<\/span><\/td> <td><span style=\"font-weight: 400;\">DoubleClick (que es propiedad de Google) establece esta cookie para determinar si el navegador del visitante del sitio web admite cookies.<\/span><\/td> <\/tr> <tr> <td><span style=\"font-weight: 400;\">__Secure-ROLLOUT_TOKEN<\/span><\/td> <td><span style=\"font-weight: 400;\">.youtube.com<\/span><\/td> <td><span style=\"font-weight: 400;\">De terceros<\/span><\/td> <td><span style=\"font-weight: 400;\">6 meses<\/span><\/td> <td><span style=\"font-weight: 400;\">Registra un ID \u00fanico para mantener estad\u00edsticas de los videos de YouTube que el usuario ha visto.<\/span><\/td> <\/tr> <tr> <td><span style=\"font-weight: 400;\">_gcl_au<\/span><\/td> <td><span style=\"font-weight: 400;\">.culmia.com<\/span><\/td> <td><span style=\"font-weight: 400;\">Propia<\/span><\/td> <td><span style=\"font-weight: 400;\">3 meses<\/span><\/td> <td><span style=\"font-weight: 400;\">Esta cookie es establecida por Doubleclick y lleva a cabo informaci\u00f3n sobre c\u00f3mo el usuario final utiliza el sitio web y cualquier publicidad que el usuario final haya visto antes de visitar dicho sitio web.<\/span><\/td> <\/tr> <tr> <td><span style=\"font-weight: 400;\">VISITOR_PRIVACY_METADATA<\/span><\/td> <td><span style=\"font-weight: 400;\">.youtube.com<\/span><\/td> <td><span style=\"font-weight: 400;\">De terceros<\/span><\/td> <td><span style=\"font-weight: 400;\">6 meses<\/span><\/td> <td><span style=\"font-weight: 400;\">Es una cookie de YouTube que se utiliza en el contexto de la privacidad del visitante en sitios web. Se utiliza para almacenar informaci\u00f3n sobre la configuraci\u00f3n de privacidad del visitante, como si ha aceptado o rechazado el uso de cookies o si ha optado por no participar en el seguimiento.<\/span><\/td> <\/tr> <tr> <td><span style=\"font-weight: 400;\">receive-cookie-deprecation<\/span><\/td> <td><span style=\"font-weight: 400;\">.doubleclick.net<\/span><\/td> <td><span style=\"font-weight: 400;\">De terceros<\/span><\/td> <td><span style=\"font-weight: 400;\">6 meses<\/span><\/td> <td><span style=\"font-weight: 400;\">Recoge informaci\u00f3n del comportamiento del visitante m\u00faltiples webs. Esta informaci\u00f3n se usa en la web para optimizar la relevancia de la publicidad.<\/span><\/td> <\/tr> <tr> <td><span style=\"font-weight: 400;\">IDE<\/span><\/td> <td><span style=\"font-weight: 400;\">.doubleclick.net<\/span><\/td> <td><span style=\"font-weight: 400;\">De terceros<\/span><\/td> <td><span style=\"font-weight: 400;\">1 a\u00f1o<\/span><\/td> <td><span style=\"font-weight: 400;\">Esta cookie es establecida por Doubleclick y lleva a cabo informaci\u00f3n sobre c\u00f3mo el usuario final utiliza el sitio web y cualquier publicidad que el usuario final haya visto antes de visitar dicho sitio web.<\/span><\/td> <\/tr> <\/tbody> <\/table> <h4><b>Cookies de funcionalidad<\/b><\/h4> <table> <tbody> <tr> <td><b>Cookie<\/b><\/td> <td><b>Dominio<\/b><\/td> <td><b>Tipo Cookie<\/b><\/td> <td><b>Validez<\/b><\/td> <td><b>Descripci\u00f3n<\/b><\/td> <\/tr> <tr> <td><span style=\"font-weight: 400;\">wp-wpml_current_language<\/span><\/td> <td><span style=\"font-weight: 400;\">www.culmia.com<\/span><\/td> <td><span style=\"font-weight: 400;\">Propia<\/span><\/td> <td><span style=\"font-weight: 400;\">Sesi\u00f3n<\/span><\/td> <td><span style=\"font-weight: 400;\">Almacena el idioma actual. De forma predeterminada, esta cookie est\u00e1 configurada solo para usuarios que han iniciado sesi\u00f3n. Si habilita la cookie de idioma para admitir el filtrado AJAX, esta cookie tambi\u00e9n se establecer\u00e1 para los usuarios que no hayan iniciado sesi\u00f3n.<\/span><\/td> <\/tr> <\/tbody> <\/table> <p>&nbsp;<\/p> <p><span style=\"font-weight: 400;\">En Culmia Desarrollos Inmobiliarios, S.L.U. con CIF B-67186999, estamos concienciados con su privacidad y el cumplimiento normativo, por lo que, si tiene cualquier duda o comentario, no dude en contactar a trav\u00e9s de la direcci\u00f3n de correo electr\u00f3nico: <\/span><a href=\"mailto:protecciondedatos@culmia.com\"><span style=\"font-weight: 400;\">protecciondedatos@culmia.com<\/span><\/a><\/p> <\/div><\/div><\/div><\/div><\/div>","protected":false},"excerpt":{"rendered":"","protected":false},"author":1,"featured_media":0,"parent":0,"menu_order":0,"comment_status":"closed","ping_status":"closed","template":"100-width.php","meta":{"_acf_changed":false,"footnotes":""},"class_list":["post-972","page","type-page","status-publish","hentry"],"acf":[],"_links":{"self":[{"href":"https:\/\/www.culmia.com\/es\/wp-json\/wp\/v2\/pages\/972","targetHints":{"allow":["GET"]}}],"collection":[{"href":"https:\/\/www.culmia.com\/es\/wp-json\/wp\/v2\/pages"}],"about":[{"href":"https:\/\/www.culmia.com\/es\/wp-json\/wp\/v2\/types\/page"}],"author":[{"embeddable":true,"href":"https:\/\/www.culmia.com\/es\/wp-json\/wp\/v2\/users\/1"}],"replies":[{"embeddable":true,"href":"https:\/\/www.culmia.com\/es\/wp-json\/wp\/v2\/comments?post=972"}],"version-history":[{"count":12,"href":"https:\/\/www.culmia.com\/es\/wp-json\/wp\/v2\/pages\/972\/revisions"}],"predecessor-version":[{"id":27973,"href":"https:\/\/www.culmia.com\/es\/wp-json\/wp\/v2\/pages\/972\/revisions\/27973"}],"wp:attachment":[{"href":"https:\/\/www.culmia.com\/es\/wp-json\/wp\/v2\/media?parent=972"}],"curies":[{"name":"wp","href":"https:\/\/api.w.org\/{rel}","templated":true}]}}