{"id":4833,"date":"2025-05-07T10:20:39","date_gmt":"2025-05-07T10:20:39","guid":{"rendered":"https:\/\/culmia.dev.emood.es\/?page_id=4833"},"modified":"2025-09-08T12:12:17","modified_gmt":"2025-09-08T10:12:17","slug":"vivienda-asequible-plan-suma-madrid","status":"publish","type":"page","link":"https:\/\/www.culmia.com\/es\/vivienda-asequible-plan-suma-madrid\/","title":{"rendered":"Vivienda Asequible > Plan Suma Madrid"},"content":{"rendered":"<p><div class=\"fusion-fullwidth fullwidth-box fusion-builder-row-1 fusion-flex-container has-pattern-background has-mask-background culmia-vivienda-tabs hundred-percent-fullwidth non-hundred-percent-height-scrolling\" style=\"--awb-border-radius-top-left:0px;--awb-border-radius-top-right:0px;--awb-border-radius-bottom-right:0px;--awb-border-radius-bottom-left:0px;--awb-padding-top:80px;--awb-padding-right:0px;--awb-padding-bottom:40px;--awb-padding-left:0px;--awb-padding-top-medium:60px;--awb-padding-top-small:40px;--awb-flex-wrap:wrap;\" ><div class=\"fusion-builder-row fusion-row fusion-flex-align-items-flex-start fusion-flex-content-wrap\" style=\"width:104% !important;max-width:104% !important;margin-left: calc(-4% \/ 2 );margin-right: calc(-4% \/ 2 );\"><div class=\"fusion-layout-column fusion_builder_column fusion-builder-column-0 fusion_builder_column_1_2 1_2 fusion-flex-column fusion-flex-align-self-stretch\" style=\"--awb-bg-size:cover;--awb-width-large:50%;--awb-margin-top-large:0px;--awb-spacing-right-large:3.84%;--awb-margin-bottom-large:0px;--awb-spacing-left-large:3.84%;--awb-width-medium:50%;--awb-order-medium:0;--awb-spacing-right-medium:3.84%;--awb-spacing-left-medium:3.84%;--awb-width-small:100%;--awb-order-small:1;--awb-margin-top-small:20px;--awb-spacing-right-small:0px;--awb-spacing-left-small:0px;\" data-scroll-devices=\"small-visibility,medium-visibility,large-visibility\"><div class=\"fusion-column-wrapper fusion-column-has-shadow fusion-flex-justify-content-center fusion-content-layout-column\"><div class=\"fusion-title title fusion-title-1 fusion-sep-none fusion-title-text fusion-title-size-paragraph fusion-animated\" style=\"--awb-margin-bottom:50px;--awb-margin-bottom-small:20px;--awb-font-size:var(--awb-custom_typography_4-font-size);\" data-animationtype=\"fadeInLeft\" data-animationduration=\"1.0\" data-animationdelay=\"0.5\" data-animationoffset=\"top-into-view\"><p class=\"fusion-title-heading title-heading-left title-heading-tag\" style=\"font-family:var(--awb-custom_typography_4-font-family);font-weight:var(--awb-custom_typography_4-font-weight);font-style:var(--awb-custom_typography_4-font-style);margin:0;font-size:1em;letter-spacing:var(--awb-custom_typography_4-letter-spacing);text-transform:var(--awb-custom_typography_4-text-transform);line-height:var(--awb-custom_typography_4-line-height);\">Plan Suma Madrid<\/p><\/div><div class=\"fusion-text fusion-text-1 fusion-animated\" style=\"--awb-font-size:var(--awb-custom_typography_8-font-size);--awb-line-height:var(--awb-custom_typography_8-line-height);--awb-letter-spacing:var(--awb-custom_typography_8-letter-spacing);--awb-text-transform:var(--awb-custom_typography_8-text-transform);--awb-text-color:var(--awb-color7);--awb-text-font-family:var(--awb-custom_typography_8-font-family);--awb-text-font-weight:var(--awb-custom_typography_8-font-weight);--awb-text-font-style:var(--awb-custom_typography_8-font-style);\" data-animationtype=\"fadeInLeft\" data-animationduration=\"1.0\" data-animationdelay=\"0.7\" data-animationoffset=\"top-into-view\"><p>El proyecto Plan Suma Vivienda del Ayuntamiento de Madrid, promueve la construcci\u00f3n de viviendas en alquiler asequible mediante colaboraci\u00f3n p\u00fablico-privada. Impulsar\u00e1 la construcci\u00f3n de m\u00e1s de 2.200 viviendas de alquiler asequible en Los Ahijones y Los Berrocales (Vic\u00e1lvaro), mediante colaboraci\u00f3n p\u00fablico-privada. Estar\u00e1 dirigido a madrile\u00f1os con ingresos de hasta 5,5 veces el IPREM, garantizando que los inquilinos no paguen m\u00e1s del 30% de los ingresos familiares en renta.<\/p> <\/div><\/div><\/div><div class=\"fusion-layout-column fusion_builder_column fusion-builder-column-1 fusion_builder_column_1_2 1_2 fusion-flex-column fusion-flex-align-self-stretch fusion-animated\" style=\"--awb-bg-size:cover;--awb-width-large:50%;--awb-margin-top-large:0px;--awb-spacing-right-large:3.84%;--awb-margin-bottom-large:0px;--awb-spacing-left-large:3.84%;--awb-width-medium:50%;--awb-order-medium:0;--awb-spacing-right-medium:3.84%;--awb-spacing-left-medium:3.84%;--awb-width-small:100%;--awb-order-small:2;--awb-margin-top-small:20px;--awb-spacing-right-small:0px;--awb-spacing-left-small:0px;\" data-animationtype=\"fadeIn\" data-animationduration=\"1.0\" data-animationdelay=\"0.5\" data-animationoffset=\"top-into-view\" data-scroll-devices=\"small-visibility,medium-visibility,large-visibility\"><div class=\"fusion-column-wrapper fusion-column-has-shadow fusion-flex-justify-content-flex-start fusion-content-layout-column\"><div class=\"fusion-image-element\" style=\"--awb-aspect-ratio:1 \/ 1;--awb-caption-title-font-family:var(--h2_typography-font-family);--awb-caption-title-font-weight:var(--h2_typography-font-weight);--awb-caption-title-font-style:var(--h2_typography-font-style);--awb-caption-title-size:var(--h2_typography-font-size);--awb-caption-title-transform:var(--h2_typography-text-transform);--awb-caption-title-line-height:var(--h2_typography-line-height);--awb-caption-title-letter-spacing:var(--h2_typography-letter-spacing);\"><span class=\"fusion-imageframe imageframe-none imageframe-1 hover-type-none has-aspect-ratio\" style=\"border-radius:32px;\"><img decoding=\"async\" width=\"963\" height=\"546\" title=\"SumaVivienda\" src=\"https:\/\/www.culmia.com\/wp-content\/uploads\/2025\/09\/SumaVivienda.jpg\" class=\"img-responsive wp-image-17522 img-with-aspect-ratio\" data-parent-fit=\"cover\" data-parent-container=\".fusion-image-element\" srcset=\"https:\/\/www.culmia.com\/wp-content\/uploads\/2025\/09\/SumaVivienda-200x113.jpg 200w, https:\/\/www.culmia.com\/wp-content\/uploads\/2025\/09\/SumaVivienda-400x227.jpg 400w, https:\/\/www.culmia.com\/wp-content\/uploads\/2025\/09\/SumaVivienda-600x340.jpg 600w, https:\/\/www.culmia.com\/wp-content\/uploads\/2025\/09\/SumaVivienda-800x454.jpg 800w, https:\/\/www.culmia.com\/wp-content\/uploads\/2025\/09\/SumaVivienda.jpg 963w\" sizes=\"(max-width: 800px) 100vw, 800px\" alt=\"\"><\/span><\/div><\/div><\/div><\/div><\/div><div id=\"somos-culmia\" class=\"fusion-container-anchor\"><div class=\"fusion-fullwidth fullwidth-box fusion-builder-row-2 fusion-flex-container has-pattern-background has-mask-background hundred-percent-fullwidth non-hundred-percent-height-scrolling\" style=\"--awb-border-radius-top-left:0px;--awb-border-radius-top-right:0px;--awb-border-radius-bottom-right:0px;--awb-border-radius-bottom-left:0px;--awb-padding-top:80px;--awb-padding-right:0px;--awb-padding-bottom:40px;--awb-padding-left:0px;--awb-padding-top-medium:60px;--awb-padding-top-small:40px;--awb-flex-wrap:wrap;\" ><div class=\"fusion-builder-row fusion-row fusion-flex-align-items-flex-start fusion-flex-content-wrap\" style=\"width:104% !important;max-width:104% !important;margin-left: calc(-4% \/ 2 );margin-right: calc(-4% \/ 2 );\"><div class=\"fusion-layout-column fusion_builder_column fusion-builder-column-2 fusion_builder_column_1_2 1_2 fusion-flex-column fusion-flex-align-self-stretch\" style=\"--awb-bg-size:cover;--awb-width-large:50%;--awb-margin-top-large:0px;--awb-spacing-right-large:3.84%;--awb-margin-bottom-large:0px;--awb-spacing-left-large:3.84%;--awb-width-medium:50%;--awb-order-medium:0;--awb-spacing-right-medium:3.84%;--awb-spacing-left-medium:3.84%;--awb-width-small:100%;--awb-order-small:1;--awb-margin-top-small:20px;--awb-spacing-right-small:1.92%;--awb-spacing-left-small:1.92%;\" data-scroll-devices=\"small-visibility,medium-visibility,large-visibility\"><div class=\"fusion-column-wrapper fusion-column-has-shadow fusion-flex-justify-content-center fusion-content-layout-column\"><div class=\"fusion-title title fusion-title-2 fusion-sep-none fusion-title-text fusion-title-size-two fusion-animated\" style=\"--awb-margin-bottom:30px;--awb-font-size:var(--awb-custom_typography_20-font-size);\" data-animationtype=\"fadeInLeft\" data-animationduration=\"1.0\" data-animationdelay=\"1.0\" data-animationoffset=\"top-into-view\"><h2 class=\"fusion-title-heading title-heading-left\" style=\"font-family:var(--awb-custom_typography_20-font-family);font-weight:var(--awb-custom_typography_20-font-weight);font-style:var(--awb-custom_typography_20-font-style);margin:0;font-size:1em;letter-spacing:var(--awb-custom_typography_20-letter-spacing);text-transform:var(--awb-custom_typography_20-text-transform);line-height:var(--awb-custom_typography_20-line-height);\">\u00bfC\u00f3mo participa Culmia en el Plan Suma Vivienda del Ayuntamiento de Madrid?<\/h2><\/div><div class=\"fusion-text fusion-text-2 fusion-animated fusion-text-no-margin\" style=\"--awb-font-size:var(--awb-custom_typography_8-font-size);--awb-line-height:var(--awb-custom_typography_8-line-height);--awb-letter-spacing:var(--awb-custom_typography_8-letter-spacing);--awb-text-transform:var(--awb-custom_typography_8-text-transform);--awb-text-color:var(--awb-color7);--awb-margin-bottom:30px;--awb-text-font-family:var(--awb-custom_typography_8-font-family);--awb-text-font-weight:var(--awb-custom_typography_8-font-weight);--awb-text-font-style:var(--awb-custom_typography_8-font-style);\" data-animationtype=\"fadeInLeft\" data-animationduration=\"1.0\" data-animationdelay=\"1.0\" data-animationoffset=\"top-into-view\"><p>Culmia participa en el Plan Suma Vivienda del Ayuntamiento de Madrid como adjudicataria de tres lotes (3, 4 y 5), donde construir\u00e1 757 viviendas de alquiler asequible en Los Berrocales y Los Ahijones. La promotora invertir\u00e1 116 millones de euros, utilizar\u00e1 construcci\u00f3n industrializada (sistema \u00c1vita) y prev\u00e9 iniciar las obras en 2026, con las primeras entregas antes del verano de 2028.<\/p> <\/div><\/div><\/div><div class=\"fusion-layout-column fusion_builder_column fusion-builder-column-3 fusion_builder_column_1_2 1_2 fusion-flex-column fusion-flex-align-self-stretch fusion-animated\" style=\"--awb-bg-size:cover;--awb-width-large:50%;--awb-margin-top-large:0px;--awb-spacing-right-large:3.84%;--awb-margin-bottom-large:0px;--awb-spacing-left-large:3.84%;--awb-width-medium:50%;--awb-order-medium:0;--awb-spacing-right-medium:3.84%;--awb-spacing-left-medium:3.84%;--awb-width-small:100%;--awb-order-small:2;--awb-spacing-right-small:1.92%;--awb-spacing-left-small:1.92%;\" data-animationtype=\"fadeIn\" data-animationduration=\"1.0\" data-animationdelay=\"1.0\" data-animationoffset=\"top-into-view\" data-scroll-devices=\"small-visibility,medium-visibility,large-visibility\"><div class=\"fusion-column-wrapper fusion-column-has-shadow fusion-flex-justify-content-center fusion-content-layout-column\"><div class=\"fusion-builder-row fusion-builder-row-inner fusion-row fusion-flex-align-items-flex-start fusion-flex-content-wrap\" style=\"width:104% !important;max-width:104% !important;margin-left: calc(-4% \/ 2 );margin-right: calc(-4% \/ 2 );\"><div class=\"fusion-layout-column fusion_builder_column_inner fusion-builder-nested-column-0 fusion_builder_column_inner_1_1 1_1 fusion-flex-column\" style=\"--awb-padding-top:30px;--awb-padding-right:30px;--awb-padding-bottom:30px;--awb-padding-left:30px;--awb-overflow:hidden;--awb-bg-color:var(--awb-custom_color_5);--awb-bg-color-hover:var(--awb-custom_color_5);--awb-bg-size:cover;--awb-border-radius:32px 32px 32px 32px;--awb-width-large:100%;--awb-margin-top-large:0px;--awb-spacing-right-large:1.92%;--awb-margin-bottom-large:20px;--awb-spacing-left-large:1.92%;--awb-width-medium:100%;--awb-order-medium:0;--awb-spacing-right-medium:1.92%;--awb-spacing-left-medium:1.92%;--awb-width-small:100%;--awb-order-small:0;--awb-spacing-right-small:1.92%;--awb-spacing-left-small:1.92%;\"><div class=\"fusion-column-wrapper fusion-column-has-shadow fusion-flex-justify-content-flex-start fusion-content-layout-column\"><div class=\"fusion-text fusion-text-3\" style=\"--awb-font-size:var(--awb-custom_typography_4-font-size);--awb-line-height:var(--awb-custom_typography_4-line-height);--awb-letter-spacing:var(--awb-custom_typography_4-letter-spacing);--awb-text-transform:var(--awb-custom_typography_4-text-transform);--awb-text-color:var(--awb-color1);--awb-text-font-family:var(--awb-custom_typography_4-font-family);--awb-text-font-weight:var(--awb-custom_typography_4-font-weight);--awb-text-font-style:var(--awb-custom_typography_4-font-style);\"><p>Adjudicado Lote 3<\/p> <\/div><div class=\"fusion-text fusion-text-4 fusion-text-no-margin\" style=\"--awb-font-size:var(--awb-custom_typography_7-font-size);--awb-line-height:var(--awb-custom_typography_7-line-height);--awb-letter-spacing:var(--awb-custom_typography_7-letter-spacing);--awb-text-transform:var(--awb-custom_typography_7-text-transform);--awb-text-color:var(--awb-color7);--awb-text-font-family:var(--awb-custom_typography_7-font-family);--awb-text-font-weight:var(--awb-custom_typography_7-font-weight);--awb-text-font-style:var(--awb-custom_typography_7-font-style);\"><p>Los Berrocales<strong>:<\/strong> En el que est\u00e1 previsto el desarrollo de 223 viviendas.<\/p> <\/div><\/div><\/div><div class=\"fusion-layout-column fusion_builder_column_inner fusion-builder-nested-column-1 fusion_builder_column_inner_1_1 1_1 fusion-flex-column\" style=\"--awb-padding-top:30px;--awb-padding-right:30px;--awb-padding-bottom:30px;--awb-padding-left:30px;--awb-overflow:hidden;--awb-bg-color:var(--awb-custom_color_5);--awb-bg-color-hover:var(--awb-custom_color_5);--awb-bg-size:cover;--awb-border-radius:32px 32px 32px 32px;--awb-width-large:100%;--awb-margin-top-large:0px;--awb-spacing-right-large:1.92%;--awb-margin-bottom-large:20px;--awb-spacing-left-large:1.92%;--awb-width-medium:100%;--awb-order-medium:0;--awb-spacing-right-medium:1.92%;--awb-spacing-left-medium:1.92%;--awb-width-small:100%;--awb-order-small:0;--awb-spacing-right-small:1.92%;--awb-spacing-left-small:1.92%;\"><div class=\"fusion-column-wrapper fusion-column-has-shadow fusion-flex-justify-content-flex-start fusion-content-layout-column\"><div class=\"fusion-text fusion-text-5\" style=\"--awb-font-size:var(--awb-custom_typography_4-font-size);--awb-line-height:var(--awb-custom_typography_4-line-height);--awb-letter-spacing:var(--awb-custom_typography_4-letter-spacing);--awb-text-transform:var(--awb-custom_typography_4-text-transform);--awb-text-color:var(--awb-color1);--awb-text-font-family:var(--awb-custom_typography_4-font-family);--awb-text-font-weight:var(--awb-custom_typography_4-font-weight);--awb-text-font-style:var(--awb-custom_typography_4-font-style);\"><p>Adjudicado Lote 4<\/p> <\/div><div class=\"fusion-text fusion-text-6 fusion-text-no-margin\" style=\"--awb-font-size:var(--awb-custom_typography_7-font-size);--awb-line-height:var(--awb-custom_typography_7-line-height);--awb-letter-spacing:var(--awb-custom_typography_7-letter-spacing);--awb-text-transform:var(--awb-custom_typography_7-text-transform);--awb-text-color:var(--awb-color7);--awb-text-font-family:var(--awb-custom_typography_7-font-family);--awb-text-font-weight:var(--awb-custom_typography_7-font-weight);--awb-text-font-style:var(--awb-custom_typography_7-font-style);\"><p>Ahijones: En el que desarrollar\u00e1n un total de 311 viviendas.<\/p> <\/div><\/div><\/div><\/div><\/div><\/div><\/div><\/div><\/div><\/p>","protected":false},"excerpt":{"rendered":"","protected":false},"author":5,"featured_media":1807,"parent":0,"menu_order":0,"comment_status":"closed","ping_status":"closed","template":"100-width.php","meta":{"_acf_changed":false,"footnotes":""},"class_list":["post-4833","page","type-page","status-publish","has-post-thumbnail","hentry"],"acf":[],"_links":{"self":[{"href":"https:\/\/www.culmia.com\/es\/wp-json\/wp\/v2\/pages\/4833","targetHints":{"allow":["GET"]}}],"collection":[{"href":"https:\/\/www.culmia.com\/es\/wp-json\/wp\/v2\/pages"}],"about":[{"href":"https:\/\/www.culmia.com\/es\/wp-json\/wp\/v2\/types\/page"}],"author":[{"embeddable":true,"href":"https:\/\/www.culmia.com\/es\/wp-json\/wp\/v2\/users\/5"}],"replies":[{"embeddable":true,"href":"https:\/\/www.culmia.com\/es\/wp-json\/wp\/v2\/comments?post=4833"}],"version-history":[{"count":9,"href":"https:\/\/www.culmia.com\/es\/wp-json\/wp\/v2\/pages\/4833\/revisions"}],"predecessor-version":[{"id":17573,"href":"https:\/\/www.culmia.com\/es\/wp-json\/wp\/v2\/pages\/4833\/revisions\/17573"}],"wp:featuredmedia":[{"embeddable":true,"href":"https:\/\/www.culmia.com\/es\/wp-json\/wp\/v2\/media\/1807"}],"wp:attachment":[{"href":"https:\/\/www.culmia.com\/es\/wp-json\/wp\/v2\/media?parent=4833"}],"curies":[{"name":"wp","href":"https:\/\/api.w.org\/{rel}","templated":true}]}}