{"id":20818,"date":"2025-02-28T12:53:09","date_gmt":"2025-02-28T11:53:09","guid":{"rendered":"https:\/\/culmia.dev.emood.es\/politica-de-cookies\/"},"modified":"2025-11-07T14:26:04","modified_gmt":"2025-11-07T13:26:04","slug":"politica-de-cookies","status":"publish","type":"page","link":"https:\/\/www.culmia.com\/ca\/politica-de-cookies\/","title":{"rendered":"Pol\u00edtica de Cookies"},"content":{"rendered":"<div class=\"fusion-fullwidth fullwidth-box fusion-builder-row-1 fusion-flex-container has-pattern-background has-mask-background nonhundred-percent-fullwidth non-hundred-percent-height-scrolling\" style=\"--awb-border-radius-top-left:0px;--awb-border-radius-top-right:0px;--awb-border-radius-bottom-right:0px;--awb-border-radius-bottom-left:0px;--awb-flex-wrap:wrap;\" ><div class=\"fusion-builder-row fusion-row fusion-flex-align-items-flex-start fusion-flex-content-wrap\" style=\"max-width:1248px;margin-left: calc(-4% \/ 2 );margin-right: calc(-4% \/ 2 );\"><div class=\"fusion-layout-column fusion_builder_column fusion-builder-column-0 fusion_builder_column_1_1 1_1 fusion-flex-column\" style=\"--awb-bg-size:cover;--awb-width-large:100%;--awb-margin-top-large:0px;--awb-spacing-right-large:1.92%;--awb-margin-bottom-large:20px;--awb-spacing-left-large:1.92%;--awb-width-medium:100%;--awb-order-medium:0;--awb-spacing-right-medium:1.92%;--awb-spacing-left-medium:1.92%;--awb-width-small:100%;--awb-order-small:0;--awb-spacing-right-small:1.92%;--awb-spacing-left-small:1.92%;\"><div class=\"fusion-column-wrapper fusion-column-has-shadow fusion-flex-justify-content-flex-start fusion-content-layout-column\"><div class=\"fusion-text fusion-text-1\"><p><b>Actualitzat:<\/b><span style=\"font-weight: 400;\"> <\/span><span style=\"font-weight: 400;\">01\/11\/2025 13:00<\/span><\/p> <h3><b>Qu\u00e8 s\u00f3n les galetes?<\/b><\/h3> <p><span style=\"font-weight: 400;\">Les galetes s\u00f3n fitxers que contenen petites quantitats d'informaci\u00f3 que es descarreguen al navegador quan l'usuari visita una p\u00e0gina web. La seva finalitat principal \u00e9s recon\u00e8ixer l'usuari cada vegada que accedeix al Lloc Web permetent, a m\u00e9s, millorar la qualitat i oferir un \u00fas millor del Lloc Web. <\/span><\/p> <p><span style=\"font-weight: 400;\">Les galetes s\u00f3n essencials per al funcionament d'Internet; no fan malb\u00e9 l'equip\/dispositiu de l'usuari i, si estan activades en la configuraci\u00f3 del vostre navegador, ajuden a identificar i resoldre possibles errors de funcionament del Lloc Web.<\/span><\/p> <p><span style=\"font-weight: 400;\">Les galetes tamb\u00e9 asseguren que puguem veure com s'utilitza el nostre lloc web i com podem millorar-lo. A m\u00e9s, depenent de les vostres prefer\u00e8ncies, les cookies poden ser utilitzades per presentar-vos anuncis espec\u00edfics que coincideixin amb els vostres interessos personals. <\/span><\/p> <h3><b>Quin tipus de galetes utilitzem?<\/b><\/h3> <h4><b>Cookies necess\u00e0ries<\/b><\/h4> <p><span style=\"font-weight: 400;\">Aquestes galetes s\u00f3n necess\u00e0ries perqu\u00e8 el lloc web funcioni correctament. Algunes de les accions seg\u00fcents es poden fer utilitzant aquestes galetes: Desar les vostres prefer\u00e8ncies de cookies per a aquest lloc web, Desar prefer\u00e8ncies d'idioma, Garantir una navegaci\u00f3 segura i sense interrupcions pel Lloc Web. <\/span><\/p> <h4><b>Cookies de rendiment<\/b><\/h4> <p><span style=\"font-weight: 400;\">Aquestes galetes s'utilitzen per recopilar informaci\u00f3 estad\u00edstica sobre l'\u00fas del nostre lloc web, tamb\u00e9 anomenades galetes anal\u00edtiques. Utilitzem aquestes dades per al rendiment i optimitzaci\u00f3 del lloc web. <\/span><\/p> <h4><b>Cookies funcionals<\/b><\/h4> <p><span style=\"font-weight: 400;\">Aquestes galetes permeten una major funcionalitat per als visitants del nostre lloc web. Aquestes galetes poden ser establertes pels nostres prove\u00efdors de serveis externs o pel nostre propi lloc web.   <\/span><\/p> <h4><b>Publicitat \/ cookies de seguiment<\/b><\/h4> <p><span style=\"font-weight: 400;\">Aquestes galetes s\u00f3n establertes per socis publicitaris externs i s'utilitzen per crear perfils i fer un seguiment de les dades en diversos llocs web. Si accepteu aquestes galetes, podem mostrar els nostres anuncis en altres llocs web en funci\u00f3 del vostre perfil d'usuari i prefer\u00e8ncies. Aquestes galetes tamb\u00e9 guarden dades sobre quants visitants han vist o fet clic als nostres anuncis per optimitzar les campanyes publicit\u00e0ries.  <\/span><\/p> <h4><b>Com puc desactivar o eliminar les galetes?<\/b><\/h4> <p><span style=\"font-weight: 400;\">Vost\u00e8 pot optar per no utilitzar totes les galetes, excepte les necess\u00e0ries. A la configuraci\u00f3 del navegador, podeu canviar la configuraci\u00f3 per assegurar-vos que es bloquegin les galetes. La majoria dels navegadors us ofereixen una explicaci\u00f3 sobre com fer-ho a l'anomenada &#8216;funci\u00f3 d'ajuda'. No obstant aix\u00f2, si bloquegeu les galetes, \u00e9s possible que no pugueu gaudir de totes les caracter\u00edstiques t\u00e8cniques que el nostre lloc web t\u00e9 per oferir i pot afectar negativament la vostra experi\u00e8ncia d'usuari.   <\/span><\/p> <h4><b>Termini de conservaci\u00f3<\/b><\/h4> <p><span style=\"font-weight: 400;\">Atenent les tipologies de galetes es defineixen diferents terminis de conservaci\u00f3, atenent la vig\u00e8ncia dels consentiments per al seu \u00fas o les seves funcionalitats en el cas de les necess\u00e0ries. Aix\u00ed, les Cookies utilitzades poden tenir la consideraci\u00f3 de persistents (les dades segueixen emmagatzemades podent ser accedides i tractades durant un per\u00edode definit pel responsable de la Cookie) i de sessi\u00f3 (dissenyades per a demanar i emmagatzemar dades mentre l'usuari accedeix al Lloc Web, per exemple, per a la prestaci\u00f3 d'un servei concret). <\/span><\/p> <p><span style=\"font-weight: 400;\">Mitjan\u00e7ant aquesta Pol\u00edtica i el configurador de prefer\u00e8ncies habilitat al Lloc Web, es facilita aquesta informaci\u00f3 a l'usuari.<\/span><\/p> <p><span style=\"font-weight: 400;\">Podeu informar-vos de les transfer\u00e8ncies a tercers pa\u00efsos que, si escau, realitzen els tercers identificats en aquesta pol\u00edtica de cookies en les seves pol\u00edtiques corresponents (vegeu els enlla\u00e7os facilitats a l'apartat seg\u00fcent).<\/span><\/p> <p><span style=\"font-weight: 400;\">Hem facilitat la gesti\u00f3 dels teus consentiments.<\/span><\/p> <h3><b>Les cookies que utilitzem al nostre lloc web<\/b><\/h3> <h4><b>Cookies necess\u00e0ries<\/b><\/h4> <table> <tbody> <tr> <td><b>Cookie<\/b><\/td> <td><b>Domini<\/b><\/td> <td><b>Tipus Cookie<\/b><\/td> <td><b>Validesa<\/b><\/td> <td><b>Descripci\u00f3<\/b><\/td> <\/tr> <tr> <td><span style=\"font-weight: 400;\">AWSALBCORS<\/span><\/td> <td><span style=\"font-weight: 400;\">www.culmia.com<\/span><\/td> <td><span style=\"font-weight: 400;\">Pr\u00f2pia<\/span><\/td> <td><span style=\"font-weight: 400;\">1 setmana<\/span><\/td> <td><span style=\"font-weight: 400;\">Per a un suport continu d'adher\u00e8ncia amb casos d'\u00fas de CORS despr\u00e9s de l'actualitzaci\u00f3 de Chromium, estem creant cookies d'adher\u00e8ncia addicionals per a cadascuna d'aquestes caracter\u00edstiques d'adher\u00e8ncia basades en la durada anomenades AWSALBCORS (ALB).<\/span><\/td> <\/tr> <tr> <td><span style=\"font-weight: 400;\">AWSALB<\/span><\/td> <td><span style=\"font-weight: 400;\">www.culmia.com<\/span><\/td> <td><span style=\"font-weight: 400;\">Pr\u00f2pia<\/span><\/td> <td><span style=\"font-weight: 400;\">1 setmana<\/span><\/td> <td><span style=\"font-weight: 400;\">Aquestes galetes ens permeten assignar el tr\u00e0nsit del servidor perqu\u00e8 l'experi\u00e8ncia de l'usuari sigui el m\u00e9s fluida possible. Es fa servir un equilibrador de c\u00e0rrega per determinar quin servidor t\u00e9 actualment la millor disponibilitat. La informaci\u00f3 generada no el pot identificar com a individu.  <\/span><\/td> <\/tr> <tr> <td><span style=\"font-weight: 400;\">CookieScriptConsent<\/span><\/td> <td><span style=\"font-weight: 400;\">.culmia.com<\/span><\/td> <td><span style=\"font-weight: 400;\">Pr\u00f2pia<\/span><\/td> <td><span style=\"font-weight: 400;\">4 setmanes i 2 dies  <\/span><\/td> <td><span style=\"font-weight: 400;\">El servei Cookie-Script.com utilitza aquesta galeta per recordar les prefer\u00e8ncies de consentiment de galetes dels visitants. Cal que el banner de galetes de Cookie-Script.com funcioni correctament. <\/span><\/td> <\/tr> <\/tbody> <\/table> <h4><b>Cookies de rendiment<\/b><\/h4> <table> <tbody> <tr> <td><b>Cookie<\/b><\/td> <td><b>Domini<\/b><\/td> <td><b>Tipus Cookie<\/b><\/td> <td><b>Validesa<\/b><\/td> <td><b>Descripci\u00f3<\/b><\/td> <\/tr> <tr> <td><span style=\"font-weight: 400;\">_gat_UA-****<\/span><\/td> <td><span style=\"font-weight: 400;\">culmia.com<\/span><\/td> <td><span style=\"font-weight: 400;\">Pr\u00f2pia<\/span><\/td> <td><span style=\"font-weight: 400;\">1 segon<\/span><\/td> <td><span style=\"font-weight: 400;\">La galeta _gat_UA \u00e9s una variaci\u00f3 de la galeta _gat de Google Analytics. S'utilitza per limitar la col\u00b7lecci\u00f3 de dades a llocs web d'alt tr\u00e0nsit. La galeta est\u00e0 configurada pel codi de seguiment de Google Analytics i cont\u00e9 la identificaci\u00f3 \u00fanica del compte de seguiment o el lloc web amb qu\u00e8 es relaciona. La galeta _gat_UA generalment s'utilitza per accelerar la taxa de sol\u00b7licitud, cosa que significa que limita la quantitat de dades que Google Analytics pot recopilar del lloc web.   <\/span><\/td> <\/tr> <tr> <td><span style=\"font-weight: 400;\">_hjIncludedInPageviewSample<\/span><\/td> <td><span style=\"font-weight: 400;\">culmia.com<\/span><\/td> <td><span style=\"font-weight: 400;\">Pr\u00f2pia<\/span><\/td> <td><span style=\"font-weight: 400;\">30 minuts<\/span><\/td> <td><span style=\"font-weight: 400;\">Aquesta galeta \u00e9s establerta per Hotjar per generar dades estad\u00edstiques sobre com el visitant utilitza el lloc web i per ajudar-nos a identificar errors.<\/span><\/td> <\/tr> <tr> <td><span style=\"font-weight: 400;\">_hjRecordingLastActivity<\/span><\/td> <td><span style=\"font-weight: 400;\">culmia.com<\/span><\/td> <td><span style=\"font-weight: 400;\">Pr\u00f2pia<\/span><\/td> <td><span style=\"font-weight: 400;\">Sessi\u00f3<\/span><\/td> <td><span style=\"font-weight: 400;\">Utilitzada en relaci\u00f3 amb la funci\u00f3 de resposta de l'usuari de la web \u2013 Determina si s'ha mostrat a l'usuari el missatge de resposta.<\/span><\/td> <\/tr> <tr> <td><span style=\"font-weight: 400;\">_hjSession_******<\/span><\/td> <td><span style=\"font-weight: 400;\">culmia.com<\/span><\/td> <td><span style=\"font-weight: 400;\">  Pr\u00f2pia<\/span><\/td> <td><span style=\"font-weight: 400;\">29 minuts<\/span><\/td> <td><span style=\"font-weight: 400;\">Una galeta que cont\u00e9 les dades de la sessi\u00f3 actual. Aix\u00f2 fa que les sol\u00b7licituds posteriors dins de la finestra de la sessi\u00f3 s'atribueixin a la mateixa sessi\u00f3 de Hotjar. <\/span><\/td> <\/tr> <tr> <td><span style=\"font-weight: 400;\">_hjSession_2622061<\/span><\/td> <td><span style=\"font-weight: 400;\">culmia.com<\/span><\/td> <td><span style=\"font-weight: 400;\">Pr\u00f2pia<\/span><\/td> <td><span style=\"font-weight: 400;\">23 hores<\/span><\/td> <td><span style=\"font-weight: 400;\">Una galeta que cont\u00e9 les dades de la sessi\u00f3 actual. Aix\u00f2 fa que les sol\u00b7licituds posteriors dins de la finestra de la sessi\u00f3 s'atribueixin a la mateixa sessi\u00f3 de Hotjar. <\/span><\/td> <\/tr> <tr> <td><span style=\"font-weight: 400;\">_hjSessionUser_******<\/span><\/td> <td><span style=\"font-weight: 400;\">culmia.com<\/span><\/td> <td><span style=\"font-weight: 400;\">Pr\u00f2pia<\/span><\/td> <td><span style=\"font-weight: 400;\">1 any<\/span><\/td> <td><span style=\"font-weight: 400;\">Cookie Hotjar que s'estableix quan un usuari arriba per primera vegada a una p\u00e0gina amb l'script Hotjar. S'utilitza per conservar l'ID d'usuari de Hotjar, \u00fanica per a aquest lloc al navegador. Aix\u00f2 assegura que el comportament en visites posteriors al mateix lloc s'atribuir\u00e0 al mateix ID d'usuari.  <\/span><\/td> <\/tr> <tr> <td><span style=\"font-weight: 400;\">_hjSessionUser_2622061<\/span><\/td> <td><span style=\"font-weight: 400;\">culmia.com<\/span><\/td> <td><span style=\"font-weight: 400;\">Pr\u00f2pia<\/span><\/td> <td><span style=\"font-weight: 400;\">1 dia<\/span><\/td> <td><span style=\"font-weight: 400;\">S'estableix quan un usuari arriba per primera vegada a una p\u00e0gina amb l'script Hotjar. S'utilitza per conservar l'ID d'usuari de Hotjar, \u00fanica per a aquest lloc al navegador. Aix\u00f2 assegura que el comportament en visites posteriors al mateix lloc s'atribuir\u00e0 al mateix ID d'usuari.  <\/span><\/td> <\/tr> <tr> <td><span style=\"font-weight: 400;\">cusid<\/span><\/td> <td><span style=\"font-weight: 400;\">.www.culmia.com<\/span><\/td> <td><span style=\"font-weight: 400;\">Pr\u00f2pia<\/span><\/td> <td><span style=\"font-weight: 400;\">30 minuts<\/span><\/td> <td><span style=\"font-weight: 400;\">Aquesta galeta s'utilitza per establir i continuar una sessi\u00f3 d'usuari amb el lloc. Cada cop que un usuari visita una p\u00e0gina diferent al lloc, la galeta s'actualitza per expirar en 30 minuts, continuant aix\u00ed una sessi\u00f3 \u00fanica mentre l'activitat de l'usuari continu\u00ef en un interval de 30 minuts. Aquesta galeta expira quan un usuari pausa en una p\u00e0gina al lloc durant m\u00e9s de 30 minuts.  <\/span><\/td> <\/tr> <\/tbody> <\/table> <h4><b>Cookies de publicitat i seguiment<\/b><\/h4> <table> <tbody> <tr> <td><b>Cookie<\/b><\/td> <td><b>Domini<\/b><\/td> <td><b>Tipus Cookie<\/b><\/td> <td><b>Validesa<\/b><\/td> <td><b>Descripci\u00f3<\/b><\/td> <\/tr> <tr> <td><span style=\"font-weight: 400;\">_dc_gtm_UA-195486364-1<\/span><\/td> <td><span style=\"font-weight: 400;\">www.google.com<\/span><\/td> <td><span style=\"font-weight: 400;\">De tercers<\/span><\/td> <td><span style=\"font-weight: 400;\">1 minut<\/span><\/td> <td><span style=\"font-weight: 400;\">Recopila informaci\u00f3 an\u00f2nima sobre la navegaci\u00f3 dels usuaris pel lloc web per con\u00e8ixer l'origen de les visites i altres dades estad\u00edstiques similars.<\/span><\/td> <\/tr> <tr> <td><span style=\"font-weight: 400;\">_fbp<\/span><\/td> <td><span style=\"font-weight: 400;\">.culmia.com<\/span><\/td> <td><span style=\"font-weight: 400;\">De tercers<\/span><\/td> <td><span style=\"font-weight: 400;\">3 mesos<\/span><\/td> <td><span style=\"font-weight: 400;\">Utilitzat per Facebook per oferir una s\u00e8rie de productes publicitaris, com ara ofertes en temps real d'anunciants externs.<\/span><\/td> <\/tr> <tr> <td><span style=\"font-weight: 400;\">YSC<\/span><\/td> <td><span style=\"font-weight: 400;\">.youtube.com<\/span><\/td> <td><span style=\"font-weight: 400;\">De tercers<\/span><\/td> <td><span style=\"font-weight: 400;\">Sessi\u00f3<\/span><\/td> <td><span style=\"font-weight: 400;\">YouTube configura aquesta galeta per rastrejar les vistes de v\u00eddeos incrustats.<\/span><\/td> <\/tr> <tr> <td><span style=\"font-weight: 400;\">VISITOR_INFO1_LIVE<\/span><\/td> <td><span style=\"font-weight: 400;\">.youtube.com<\/span><\/td> <td><span style=\"font-weight: 400;\">De tercers<\/span><\/td> <td><span style=\"font-weight: 400;\">6 mesos<\/span><\/td> <td><span style=\"font-weight: 400;\">Youtube estableix aquesta galeta per fer un seguiment de les prefer\u00e8ncies de l'usuari per als v\u00eddeos de Youtube incrustats als llocs; tamb\u00e9 podeu determinar si el visitant del lloc web est\u00e0 utilitzant la versi\u00f3 nova o antiga de la interf\u00edcie de Youtube.<\/span><\/td> <\/tr> <tr> <td><span style=\"font-weight: 400;\">test_cookie<\/span><\/td> <td><span style=\"font-weight: 400;\">.doubleclick.net<\/span><\/td> <td><span style=\"font-weight: 400;\">De tercers<\/span><\/td> <td><span style=\"font-weight: 400;\">15 minuts<\/span><\/td> <td><span style=\"font-weight: 400;\">DoubleClick (que \u00e9s propietat de Google) estableix aquesta galeta per determinar si el navegador del visitant del lloc web admet cookies.<\/span><\/td> <\/tr> <tr> <td><span style=\"font-weight: 400;\">__Secure-ROLLOUT_TOKEN<\/span><\/td> <td><span style=\"font-weight: 400;\">.youtube.com<\/span><\/td> <td><span style=\"font-weight: 400;\">De tercers<\/span><\/td> <td><span style=\"font-weight: 400;\">6 mesos<\/span><\/td> <td><span style=\"font-weight: 400;\">Registra un ID \u00fanic per mantenir estad\u00edstiques dels v\u00eddeos de YouTube que l'usuari ha vist.<\/span><\/td> <\/tr> <tr> <td><span style=\"font-weight: 400;\">_gcl_au<\/span><\/td> <td><span style=\"font-weight: 400;\">.culmia.com<\/span><\/td> <td><span style=\"font-weight: 400;\">Pr\u00f2pia<\/span><\/td> <td><span style=\"font-weight: 400;\">3 mesos<\/span><\/td> <td><span style=\"font-weight: 400;\">Aquesta galeta \u00e9s establerta per Doubleclick i porta a terme informaci\u00f3 sobre com l'usuari final utilitza el lloc web i qualsevol publicitat que l'usuari final hagi vist abans de visitar aquest lloc web.<\/span><\/td> <\/tr> <tr> <td><span style=\"font-weight: 400;\">VISITOR_PRIVACY_METADATA<\/span><\/td> <td><span style=\"font-weight: 400;\">.youtube.com<\/span><\/td> <td><span style=\"font-weight: 400;\">De tercers<\/span><\/td> <td><span style=\"font-weight: 400;\">6 mesos<\/span><\/td> <td><span style=\"font-weight: 400;\">\u00c9s una galeta de YouTube que s'utilitza en el context de la privadesa del visitant en llocs web. S'utilitza per emmagatzemar informaci\u00f3 sobre la configuraci\u00f3 de privadesa del visitant, com si ha acceptat o rebutjat l'\u00fas de cookies o si ha optat per no participar en el seguiment. <\/span><\/td> <\/tr> <tr> <td><span style=\"font-weight: 400;\">receive-cookie-deprecation<\/span><\/td> <td><span style=\"font-weight: 400;\">.doubleclick.net<\/span><\/td> <td><span style=\"font-weight: 400;\">De tercers<\/span><\/td> <td><span style=\"font-weight: 400;\">6 mesos<\/span><\/td> <td><span style=\"font-weight: 400;\">Recull informaci\u00f3 del comportament del visitant de m\u00faltiples webs. Aquesta informaci\u00f3 es fa servir a la web per optimitzar la rellev\u00e0ncia de la publicitat. <\/span><\/td> <\/tr> <tr> <td><span style=\"font-weight: 400;\">IDE<\/span><\/td> <td><span style=\"font-weight: 400;\">.doubleclick.net<\/span><\/td> <td><span style=\"font-weight: 400;\">De tercers<\/span><\/td> <td><span style=\"font-weight: 400;\">1 any<\/span><\/td> <td><span style=\"font-weight: 400;\">Aquesta galeta \u00e9s establerta per Doubleclick i porta a terme informaci\u00f3 sobre com l'usuari final utilitza el lloc web i qualsevol publicitat que l'usuari final hagi vist abans de visitar aquest lloc web.<\/span><\/td> <\/tr> <\/tbody> <\/table> <h4><b>Galetes de funcionalitat<\/b><\/h4> <table> <tbody> <tr> <td><b>Cookie<\/b><\/td> <td><b>Domini<\/b><\/td> <td><b>Tipus Cookie<\/b><\/td> <td><b>Validesa<\/b><\/td> <td><b>Descripci\u00f3<\/b><\/td> <\/tr> <tr> <td><span style=\"font-weight: 400;\">wp-wpml_current_language<\/span><\/td> <td><span style=\"font-weight: 400;\">www.culmia.com<\/span><\/td> <td><span style=\"font-weight: 400;\">Pr\u00f2pia<\/span><\/td> <td><span style=\"font-weight: 400;\">Sessi\u00f3<\/span><\/td> <td><span style=\"font-weight: 400;\">Emmagatzemeu l'idioma actual. Per defecte, aquesta galeta est\u00e0 configurada nom\u00e9s per a usuaris que han iniciat sessi\u00f3. Si activeu la galeta d'idioma per admetre el filtratge AJAX, aquesta galeta tamb\u00e9 s'establir\u00e0 per als usuaris que no hagin iniciat sessi\u00f3.  <\/span><\/td> <\/tr> <\/tbody> <\/table> <p>&nbsp;<\/p> <p><span style=\"font-weight: 400;\">A Culmia Desarrollos Immobiliarios, SLU amb CIF B-67186999, estem conscienciats amb la seva privadesa i el compliment normatiu, per la qual cosa, si teniu qualsevol dubte o comentari, no dubteu a contactar a trav\u00e9s de l'adre\u00e7a de correu electr\u00f2nic:<\/span> <a href=\"mailto:protecciondedatos@culmia.com\"><span style=\"font-weight: 400;\">protecciondedatos@culmia.com<\/span><\/a><\/p> <\/div><\/div><\/div><\/div><\/div>","protected":false},"excerpt":{"rendered":"","protected":false},"author":1,"featured_media":0,"parent":0,"menu_order":0,"comment_status":"closed","ping_status":"closed","template":"100-width.php","meta":{"_acf_changed":false,"footnotes":""},"class_list":["post-20818","page","type-page","status-publish","hentry"],"acf":[],"_links":{"self":[{"href":"https:\/\/www.culmia.com\/ca\/wp-json\/wp\/v2\/pages\/20818","targetHints":{"allow":["GET"]}}],"collection":[{"href":"https:\/\/www.culmia.com\/ca\/wp-json\/wp\/v2\/pages"}],"about":[{"href":"https:\/\/www.culmia.com\/ca\/wp-json\/wp\/v2\/types\/page"}],"author":[{"embeddable":true,"href":"https:\/\/www.culmia.com\/ca\/wp-json\/wp\/v2\/users\/1"}],"replies":[{"embeddable":true,"href":"https:\/\/www.culmia.com\/ca\/wp-json\/wp\/v2\/comments?post=20818"}],"version-history":[{"count":20,"href":"https:\/\/www.culmia.com\/ca\/wp-json\/wp\/v2\/pages\/20818\/revisions"}],"predecessor-version":[{"id":27979,"href":"https:\/\/www.culmia.com\/ca\/wp-json\/wp\/v2\/pages\/20818\/revisions\/27979"}],"wp:attachment":[{"href":"https:\/\/www.culmia.com\/ca\/wp-json\/wp\/v2\/media?parent=20818"}],"curies":[{"name":"wp","href":"https:\/\/api.w.org\/{rel}","templated":true}]}}